{"id":121,"date":"2025-11-14T16:59:37","date_gmt":"2025-11-14T15:59:37","guid":{"rendered":"https:\/\/nuriabalaguer.com\/chorbopedia\/?page_id=121"},"modified":"2026-04-15T12:23:32","modified_gmt":"2026-04-15T10:23:32","slug":"landing","status":"publish","type":"page","link":"https:\/\/nuriabalaguer.com\/chorbopedia\/","title":{"rendered":"Landing"},"content":{"rendered":"<p>[et_pb_section fb_built=\u00bb1&#8243; disabled_on=\u00bbon|on|off\u00bb admin_label=\u00bbSection-1-Hero\u00bb module_id=\u00bbsection-1&#8243; _builder_version=\u00bb4.27.4&#8243; _module_preset=\u00bbdefault\u00bb background_image=\u00bbhttps:\/\/nuriabalaguer.com\/chorbopedia\/wp-content\/uploads\/2025\/11\/seccion-1-bg.webp\u00bb height=\u00bb100vh\u00bb custom_padding=\u00bb||||false|false\u00bb background_last_edited=\u00bboff|tablet\u00bb background_enable_image_tablet=\u00bboff\u00bb custom_css_main_element=\u00bboverflow-y: hidden;\u00bb global_colors_info=\u00bb{}\u00bb][et_pb_row module_id=\u00bbhero-row\u00bb _builder_version=\u00bb4.27.4&#8243; _module_preset=\u00bbdefault\u00bb custom_padding=\u00bb0px||||false|false\u00bb global_colors_info=\u00bb{}\u00bb][et_pb_column type=\u00bb4_4&#8243; module_id=\u00bbhero-column\u00bb _builder_version=\u00bb4.27.4&#8243; _module_preset=\u00bbdefault\u00bb global_colors_info=\u00bb{}\u00bb][et_pb_image src=\u00bbhttps:\/\/nuriabalaguer.com\/chorbopedia\/wp-content\/uploads\/2025\/11\/cuadros-izq.webp\u00bb title_text=\u00bbcuadros-izq\u00bb show_bottom_space=\u00bboff\u00bb admin_label=\u00bbImage-cuadros-izq\u00bb module_id=\u00bbcuadros-fondo-izq\u00bb _builder_version=\u00bb4.27.4&#8243; _module_preset=\u00bbdefault\u00bb horizontal_offset=\u00bb-283px\u00bb global_colors_info=\u00bb{}\u00bb][\/et_pb_image][et_pb_image src=\u00bbhttps:\/\/nuriabalaguer.com\/chorbopedia\/wp-content\/uploads\/2025\/11\/titulo-que-hace-un-tipo-como-tu-en-un-libro-como-este.webp\u00bb alt=\u00bb\u00bfQu\u00e9 hace un tipo como tu en un libro como este? La gran Chorbopedia Ilustrada \u00bb title_text=\u00bbtitulo-que-hace-un-tipo-como-tu-en-un-libro-como-este\u00bb align=\u00bbcenter\u00bb disabled_on=\u00bbon|on|on\u00bb admin_label=\u00bbtitulo\u00bb module_id=\u00bbtitle\u00bb _builder_version=\u00bb4.27.4&#8243; _module_preset=\u00bbdefault\u00bb disabled=\u00bbon\u00bb global_colors_info=\u00bb{}\u00bb][\/et_pb_image][et_pb_code admin_label=\u00bbCTA\u00bb module_id=\u00bbmain-title-container\u00bb _builder_version=\u00bb4.27.4&#8243; _module_preset=\u00bbdefault\u00bb text_orientation=\u00bbcenter\u00bb max_width=\u00bb300px\u00bb module_alignment=\u00bbcenter\u00bb global_colors_info=\u00bb{}\u00bb]<img decoding=\"async\" id=\"title\" src=\"https:\/\/nuriabalaguer.com\/chorbopedia\/wp-content\/uploads\/2025\/11\/titulo-que-hace-un-tipo-como-tu-en-un-libro-como-este.webp\"><!-- [et_pb_line_break_holder] --><!-- [et_pb_line_break_holder] --><!---<a class=\"nav-cta\" href=\"\/product\/chorbopedia-ilustrada\/\"><!-- [et_pb_line_break_holder] -->  \u00a1Quiero mi Chorbopedia!<!-- [et_pb_line_break_holder] --><\/a>&#8212;>[\/et_pb_code][et_pb_image src=\u00bbhttps:\/\/nuriabalaguer.com\/chorbopedia\/wp-content\/uploads\/2025\/11\/cuadros-dcha.webp\u00bb title_text=\u00bbcuadros-dcha\u00bb show_bottom_space=\u00bboff\u00bb admin_label=\u00bbImage-cuadros-dcha\u00bb module_id=\u00bbcuadros-fondo-dcha\u00bb _builder_version=\u00bb4.27.4&#8243; _module_preset=\u00bbdefault\u00bb position_origin_a=\u00bbtop_right\u00bb vertical_offset=\u00bb0px\u00bb horizontal_offset=\u00bb-684px\u00bb global_colors_info=\u00bb{}\u00bb][\/et_pb_image][\/et_pb_column][\/et_pb_row][\/et_pb_section][et_pb_section fb_built=\u00bb1&#8243; disabled_on=\u00bboff|off|on\u00bb admin_label=\u00bbSection-1-Hero-mobile\u00bb module_id=\u00bbsection-1-mobile\u00bb _builder_version=\u00bb4.27.4&#8243; _module_preset=\u00bbdefault\u00bb background_image=\u00bbhttps:\/\/nuriabalaguer.com\/chorbopedia\/wp-content\/uploads\/2025\/11\/inicio-chorbopedia.webp\u00bb height=\u00bb110vh\u00bb custom_margin=\u00bb60px||||false|false\u00bb custom_padding=\u00bb||||false|false\u00bb background_last_edited=\u00bboff|tablet\u00bb background_enable_image_tablet=\u00bboff\u00bb custom_css_main_element=\u00bboverflow-y: hidden;\u00bb global_colors_info=\u00bb{}\u00bb][\/et_pb_section][et_pb_section fb_built=\u00bb1&#8243; admin_label=\u00bbSection-2-Que-es-la-chorbopedia\u00bb module_id=\u00bbsection-2&#8243; _builder_version=\u00bb4.27.4&#8243; _module_preset=\u00bbdefault\u00bb background_image=\u00bbhttps:\/\/nuriabalaguer.com\/chorbopedia\/wp-content\/uploads\/2025\/11\/fondo-seccion-2.webp\u00bb global_colors_info=\u00bb{}\u00bb][et_pb_row column_structure=\u00bb1_2,1_2&#8243; module_id=\u00bbrow-libro-marco\u00bb _builder_version=\u00bb4.27.4&#8243; _module_preset=\u00bbdefault\u00bb global_colors_info=\u00bb{}\u00bb][et_pb_column type=\u00bb1_2&#8243; module_class=\u00bbcolumn-libro\u00bb _builder_version=\u00bb4.27.4&#8243; _module_preset=\u00bbdefault\u00bb global_colors_info=\u00bb{}\u00bb][et_pb_image src=\u00bbhttps:\/\/nuriabalaguer.com\/chorbopedia\/wp-content\/uploads\/2025\/11\/libro-que-hace-un-tipo-como-tu-en-un-libro-como-este-chorbopedia-ilustrada.webp\u00bb title_text=\u00bblibro-que-hace-un-tipo-como-tu-en-un-libro-como-este-chorbopedia-ilustrada\u00bb show_bottom_space=\u00bboff\u00bb _builder_version=\u00bb4.27.4&#8243; _module_preset=\u00bbdefault\u00bb global_colors_info=\u00bb{}\u00bb][\/et_pb_image][\/et_pb_column][et_pb_column type=\u00bb1_2&#8243; module_class=\u00bbcolumn-marco-texto \u00bb _builder_version=\u00bb4.27.4&#8243; _module_preset=\u00bbdefault\u00bb global_colors_info=\u00bb{}\u00bb][et_pb_text module_class=\u00bbtexto-marco\u00bb _builder_version=\u00bb4.27.4&#8243; _module_preset=\u00bbdefault\u00bb background_enable_image=\u00bboff\u00bb background_size=\u00bbcontain\u00bb global_colors_info=\u00bb{}\u00bb]<span class=\"title\">\u00bfQu\u00e9 hace un tipo como t\u00fa en un libro como este? La Gran Chorbopedia Ilustrada, de Nuria Balaguer<\/span><\/p>\n<p style=\"text-align: left;\">Bienvenidos al primer cat\u00e1logo ilustrado de fauna masculina. Un inventario irreverente, divertido y \u00e1cido que pone nombre, cara y biograf\u00eda a esos personajes que desfilan por historias amorosas, pasionales o directamente surrealistas.<br \/>\nPero ojo: este libro no es una gu\u00eda de autoayuda ni un manual de ligue. Es un espejo gamberro y sin piedad del ecosistema sentimental contempor\u00e1neo, donde la iron\u00eda y el humor son las \u00fanicas reglas del juego.<\/p>\n<p>[\/et_pb_text][et_pb_image src=\u00bbhttps:\/\/nuriabalaguer.com\/chorbopedia\/wp-content\/uploads\/2025\/11\/button-quiero-mi-chorbopedia.webp\u00bb title_text=\u00bbbutton-quiero-mi-chorbopedia\u00bb url=\u00bbhttps:\/\/www.degomagom.com\/producto\/que-hace-un-tipo-como-tu-en-un-libro-como-este\/\u00bb align=\u00bbcenter\u00bb admin_label=\u00bbbutton-quiero-mi-chorbopedia\u00bb _builder_version=\u00bb4.27.4&#8243; _module_preset=\u00bbdefault\u00bb locked=\u00bboff\u00bb global_colors_info=\u00bb{}\u00bb][\/et_pb_image][\/et_pb_column][\/et_pb_row][\/et_pb_section][et_pb_section fb_built=\u00bb1&#8243; admin_label=\u00bbSection-3-Bio\u00bb module_id=\u00bbsection-3&#8243; _builder_version=\u00bb4.27.4&#8243; _module_preset=\u00bbdefault\u00bb background_image=\u00bbhttps:\/\/nuriabalaguer.com\/chorbopedia\/wp-content\/uploads\/2025\/11\/fondo-section-3.webp\u00bb global_colors_info=\u00bb{}\u00bb][et_pb_row column_structure=\u00bb1_2,1_2&#8243; module_id=\u00bbrow-libro-marco\u00bb _builder_version=\u00bb4.27.4&#8243; _module_preset=\u00bbdefault\u00bb global_colors_info=\u00bb{}\u00bb][et_pb_column type=\u00bb1_2&#8243; _builder_version=\u00bb4.27.4&#8243; _module_preset=\u00bbdefault\u00bb global_colors_info=\u00bb{}\u00bb][et_pb_image src=\u00bbhttps:\/\/nuriabalaguer.com\/chorbopedia\/wp-content\/uploads\/2025\/11\/nuria-balaguer-bio.webp\u00bb title_text=\u00bbnuria-balaguer-bio\u00bb show_bottom_space=\u00bboff\u00bb align=\u00bbcenter\u00bb _builder_version=\u00bb4.27.4&#8243; _module_preset=\u00bbdefault\u00bb global_colors_info=\u00bb{}\u00bb][\/et_pb_image][et_pb_code _builder_version=\u00bb4.27.4&#8243; _module_preset=\u00bbdefault\u00bb global_colors_info=\u00bb{}\u00bb]<\/p>\n<div class=\"bio-rrss-container\"><!-- [et_pb_line_break_holder] -->  <\/p>\n<div class=\"mail-container\"><!-- [et_pb_line_break_holder] -->     <a href=\"mailto:chorbopedia@nuriabalaguer.com\"><!-- [et_pb_line_break_holder] -->    <img decoding=\"async\" src=\"https:\/\/nuriabalaguer.com\/chorbopedia\/wp-content\/uploads\/2025\/11\/sobre.webp\"><!-- [et_pb_line_break_holder] -->   <span>chorbopedia@nuriabalaguer.com<\/span><\/a><!-- [et_pb_line_break_holder] -->  <\/div>\n<p><!-- [et_pb_line_break_holder] -->  <\/p>\n<div class=\"ig-container\"><!-- [et_pb_line_break_holder] -->    <a href=\"https:\/\/instagram.com\/chorbopedia\"><!-- [et_pb_line_break_holder] -->    <img decoding=\"async\" src=\"https:\/\/nuriabalaguer.com\/chorbopedia\/wp-content\/uploads\/2025\/11\/instagram-icon-nuria-balaguer.webp\"><!-- [et_pb_line_break_holder] -->  \t<span>@chorbopedia<\/span><\/a><!-- [et_pb_line_break_holder] -->  <\/div>\n<p><!-- [et_pb_line_break_holder] -->  <!-- [et_pb_line_break_holder] --><\/div>\n<p>[\/et_pb_code][\/et_pb_column][et_pb_column type=\u00bb1_2&#8243; module_class=\u00bbcolumn-marco-texto\u00bb _builder_version=\u00bb4.27.4&#8243; _module_preset=\u00bbdefault\u00bb global_colors_info=\u00bb{}\u00bb][et_pb_text module_class=\u00bbtexto-marco-2&#8243; _builder_version=\u00bb4.27.4&#8243; _module_preset=\u00bbdefault\u00bb background_enable_image=\u00bboff\u00bb background_size=\u00bbcontain\u00bb global_colors_info=\u00bb{}\u00bb]<\/p>\n<p style=\"text-align: left;\"><strong>Nuria Balaguer<\/strong> es ilustradora, dise\u00f1adora gr\u00e1fica y docente.Su trabajo combina observaci\u00f3n, met\u00e1fora y narrativa visual, con un estilo directo y personal.<br \/><i>\u00bfQu\u00e9 hace un tipo como t\u00fa en un libro como este? La Gran Chorbopedia Ilustrada,<\/i> es su primer libro para p\u00fablico adulto.<\/p>\n<p>[\/et_pb_text][et_pb_image src=\u00bbhttps:\/\/nuriabalaguer.com\/chorbopedia\/wp-content\/uploads\/2025\/11\/button-quiero-mi-chorbopedia.webp\u00bb title_text=\u00bbbutton-quiero-mi-chorbopedia\u00bb url=\u00bbhttps:\/\/www.degomagom.com\/producto\/que-hace-un-tipo-como-tu-en-un-libro-como-este\/\u00bb align=\u00bbcenter\u00bb admin_label=\u00bbbutton-quiero-mi-chorbopedia\u00bb _builder_version=\u00bb4.27.4&#8243; _module_preset=\u00bbdefault\u00bb global_colors_info=\u00bb{}\u00bb][\/et_pb_image][\/et_pb_column][\/et_pb_row][\/et_pb_section][et_pb_section fb_built=\u00bb1&#8243; disabled_on=\u00bboff|off|off\u00bb admin_label=\u00bbSecci\u00f3n-4-Tienda\u00bb module_id=\u00bbsection-4&#8243; _builder_version=\u00bb4.27.4&#8243; _module_preset=\u00bbdefault\u00bb background_image=\u00bbhttps:\/\/nuriabalaguer.com\/chorbopedia\/wp-content\/uploads\/2025\/11\/fondo-seccion-2.webp\u00bb global_colors_info=\u00bb{}\u00bb][et_pb_row column_structure=\u00bb1_2,1_2&#8243; _builder_version=\u00bb4.27.4&#8243; _module_preset=\u00bbdefault\u00bb global_colors_info=\u00bb{}\u00bb][et_pb_column type=\u00bb1_2&#8243; _builder_version=\u00bb4.27.4&#8243; _module_preset=\u00bbdefault\u00bb global_colors_info=\u00bb{}\u00bb][et_pb_text module_class=\u00bbtexto-marco-3&#8243; _builder_version=\u00bb4.27.4&#8243; _module_preset=\u00bbdefault\u00bb background_enable_image=\u00bboff\u00bb background_size=\u00bbcontain\u00bb locked=\u00bboff\u00bb global_colors_info=\u00bb{}\u00bb]<span class=\"title\">\u00a1QUIERO MI CHORBOPEDIA!<\/span><\/p>\n<p style=\"text-align: left;\">Bienvenidos al primer cat\u00e1logo ilustrado de fauna masculina. Un inventario irreverente, divertido y \u00e1cido que pone nombre, cara y biograf\u00eda a esos personajes que desfilan por historias amorosas, pasionales o directamente surrealistas.<br \/>\nPero ojo: este libro no es una gu\u00eda de autoayuda ni un manual de ligue. Es un espejo gamberro y sin piedad del ecosistema sentimental contempor\u00e1neo, donde la iron\u00eda y el humor son las \u00fanicas reglas del juego.<\/p>\n<p>[\/et_pb_text][et_pb_text disabled_on=\u00bbon|on|off\u00bb module_class=\u00bbtexto-marco-4&#8243; _builder_version=\u00bb4.27.4&#8243; _module_preset=\u00bbdefault\u00bb background_enable_image=\u00bboff\u00bb background_size=\u00bbcontain\u00bb width=\u00bb300px\u00bb width_tablet=\u00bb300px\u00bb width_phone=\u00bb300px\u00bb width_last_edited=\u00bbon|tablet\u00bb module_alignment=\u00bbright\u00bb text_orientation_tablet=\u00bbleft\u00bb text_orientation_phone=\u00bbcenter\u00bb text_orientation_last_edited=\u00bbon|desktop\u00bb module_alignment_tablet=\u00bbcenter\u00bb module_alignment_phone=\u00bbcenter\u00bb module_alignment_last_edited=\u00bbon|phone\u00bb locked=\u00bboff\u00bb global_colors_info=\u00bb{}\u00bb]<\/p>\n<h2 class=\"tienda-precio\">22,95\u20ac<\/h2>\n<p>&nbsp;<\/p>\n<h4>Caracter\u00edsticas<\/h4>\n<p>Dimensiones:<br \/>21 x 33 cm<\/p>\n<p>Tapa Dura<\/p>\n<p>72 p\u00e1ginas<\/p>\n<p>ISBN:<br \/>979-13-990168-3-3<\/p>\n<p>Dep\u00f3sito Legal:<br \/>A 553-2025<\/p>\n<p>[\/et_pb_text][et_pb_image src=\u00bbhttps:\/\/nuriabalaguer.com\/chorbopedia\/wp-content\/uploads\/2025\/11\/button-quiero-mi-chorbopedia.webp\u00bb title_text=\u00bbbutton-quiero-mi-chorbopedia\u00bb url=\u00bbhttps:\/\/www.degomagom.com\/producto\/que-hace-un-tipo-como-tu-en-un-libro-como-este\/\u00bb align=\u00bbright\u00bb align_tablet=\u00bbcenter\u00bb align_phone=\u00bbcenter\u00bb align_last_edited=\u00bbon|phone\u00bb disabled_on=\u00bbon|on|off\u00bb admin_label=\u00bbbutton-quiero-mi-chorbopedia\u00bb _builder_version=\u00bb4.27.4&#8243; _module_preset=\u00bbdefault\u00bb locked=\u00bboff\u00bb global_colors_info=\u00bb{}\u00bb][\/et_pb_image][\/et_pb_column][et_pb_column type=\u00bb1_2&#8243; _builder_version=\u00bb4.27.4&#8243; _module_preset=\u00bbdefault\u00bb global_colors_info=\u00bb{}\u00bb][et_pb_image src=\u00bbhttps:\/\/nuriabalaguer.com\/chorbopedia\/wp-content\/uploads\/2025\/11\/portada-libro-chorbopedia-scaled.webp\u00bb alt=\u00bbPortada libro Qu\u00e9 hace un tipo como t\u00fa en un libro como este &#8211; La Gran Chorbopedia Ilustrada\u00bb title_text=\u00bbportada-libro-chorbopedia\u00bb url=\u00bb@ET-DC@eyJkeW5hbWljIjp0cnVlLCJjb250ZW50IjoicG9zdF9saW5rX3VybF9wcm9kdWN0Iiwic2V0dGluZ3MiOnsicG9zdF9pZCI6IjEwMCJ9fQ==@\u00bb _builder_version=\u00bb4.27.4&#8243; _dynamic_attributes=\u00bburl\u00bb _module_preset=\u00bbdefault\u00bb global_colors_info=\u00bb{}\u00bb][\/et_pb_image][et_pb_image src=\u00bbhttps:\/\/nuriabalaguer.com\/chorbopedia\/wp-content\/uploads\/2025\/11\/button-quiero-mi-chorbopedia.webp\u00bb title_text=\u00bbbutton-quiero-mi-chorbopedia\u00bb url=\u00bbhttps:\/\/www.degomagom.com\/producto\/que-hace-un-tipo-como-tu-en-un-libro-como-este\/\u00bb align=\u00bbright\u00bb align_tablet=\u00bbcenter\u00bb align_phone=\u00bbcenter\u00bb align_last_edited=\u00bbon|phone\u00bb disabled_on=\u00bboff|off|on\u00bb admin_label=\u00bbbutton-quiero-mi-chorbopedia\u00bb _builder_version=\u00bb4.27.4&#8243; _module_preset=\u00bbdefault\u00bb locked=\u00bboff\u00bb global_colors_info=\u00bb{}\u00bb][\/et_pb_image][et_pb_text disabled_on=\u00bboff|off|on\u00bb module_class=\u00bbtexto-marco-4&#8243; _builder_version=\u00bb4.27.4&#8243; _module_preset=\u00bbdefault\u00bb background_enable_image=\u00bboff\u00bb background_size=\u00bbcontain\u00bb width=\u00bb300px\u00bb width_tablet=\u00bb300px\u00bb width_phone=\u00bb300px\u00bb width_last_edited=\u00bbon|tablet\u00bb module_alignment=\u00bbright\u00bb text_orientation_tablet=\u00bbleft\u00bb text_orientation_phone=\u00bbcenter\u00bb text_orientation_last_edited=\u00bbon|desktop\u00bb module_alignment_tablet=\u00bbcenter\u00bb module_alignment_phone=\u00bbcenter\u00bb module_alignment_last_edited=\u00bbon|phone\u00bb locked=\u00bboff\u00bb global_colors_info=\u00bb{}\u00bb]<\/p>\n<h2 class=\"tienda-precio\">22,95\u20ac<\/h2>\n<p>&nbsp;<\/p>\n<h4>Caracter\u00edsticas<\/h4>\n<p>Dimensiones:<br \/>21 x 33 cm<\/p>\n<p>Tapa Dura<\/p>\n<p>72 p\u00e1ginas<\/p>\n<p>ISBN:<br \/>979-13-990168-3-3<\/p>\n<p>Dep\u00f3sito Legal:<br \/>A 553-2025<\/p>\n<p>[\/et_pb_text][\/et_pb_column][\/et_pb_row][\/et_pb_section]<\/p>\n","protected":false},"excerpt":{"rendered":"<p>\u00bfQu\u00e9 hace un tipo como t\u00fa en un libro como este? La Gran Chorbopedia Ilustrada, de Nuria Balaguer Bienvenidos al primer cat\u00e1logo ilustrado de fauna masculina. Un inventario irreverente, divertido y \u00e1cido que pone nombre, cara y biograf\u00eda a esos personajes que desfilan por historias amorosas, pasionales o directamente surrealistas. Pero ojo: este libro no [&hellip;]<\/p>\n","protected":false},"author":1,"featured_media":0,"parent":0,"menu_order":0,"comment_status":"closed","ping_status":"closed","template":"","meta":{"_et_pb_use_builder":"on","_et_pb_old_content":"","_et_gb_content_width":"","footnotes":""},"class_list":["post-121","page","type-page","status-publish","hentry"],"_links":{"self":[{"href":"https:\/\/nuriabalaguer.com\/chorbopedia\/wp-json\/wp\/v2\/pages\/121","targetHints":{"allow":["GET"]}}],"collection":[{"href":"https:\/\/nuriabalaguer.com\/chorbopedia\/wp-json\/wp\/v2\/pages"}],"about":[{"href":"https:\/\/nuriabalaguer.com\/chorbopedia\/wp-json\/wp\/v2\/types\/page"}],"author":[{"embeddable":true,"href":"https:\/\/nuriabalaguer.com\/chorbopedia\/wp-json\/wp\/v2\/users\/1"}],"replies":[{"embeddable":true,"href":"https:\/\/nuriabalaguer.com\/chorbopedia\/wp-json\/wp\/v2\/comments?post=121"}],"version-history":[{"count":117,"href":"https:\/\/nuriabalaguer.com\/chorbopedia\/wp-json\/wp\/v2\/pages\/121\/revisions"}],"predecessor-version":[{"id":730,"href":"https:\/\/nuriabalaguer.com\/chorbopedia\/wp-json\/wp\/v2\/pages\/121\/revisions\/730"}],"wp:attachment":[{"href":"https:\/\/nuriabalaguer.com\/chorbopedia\/wp-json\/wp\/v2\/media?parent=121"}],"curies":[{"name":"wp","href":"https:\/\/api.w.org\/{rel}","templated":true}]}}